{"id":1074,"date":"2025-04-30T10:20:26","date_gmt":"2025-04-30T10:20:26","guid":{"rendered":"https:\/\/ralightsolutions.com\/about-us\/"},"modified":"2025-05-09T11:47:48","modified_gmt":"2025-05-09T11:47:48","slug":"about-us","status":"publish","type":"page","link":"https:\/\/ralightsolutions.com\/en\/about-us\/","title":{"rendered":"ABOUT US"},"content":{"rendered":"\t\t<div data-elementor-type=\"wp-page\" data-elementor-id=\"1074\" class=\"elementor elementor-1074 elementor-692\">\n\t\t\t\t\t\t<section class=\"elementor-section elementor-top-section elementor-element elementor-element-fc8e38d elementor-section-full_width elementor-section-height-default elementor-section-height-default parallax_section_no qode_elementor_container_no\" data-id=\"fc8e38d\" data-element_type=\"section\" data-e-type=\"section\" data-settings=\"{&quot;background_background&quot;:&quot;classic&quot;}\">\n\t\t\t\t\t\t<div class=\"elementor-container elementor-column-gap-default\">\n\t\t\t\t\t<div class=\"elementor-column elementor-col-100 elementor-top-column elementor-element elementor-element-6fb22c2\" data-id=\"6fb22c2\" data-element_type=\"column\" data-e-type=\"column\" data-settings=\"{&quot;background_background&quot;:&quot;classic&quot;}\">\n\t\t\t<div class=\"elementor-widget-wrap elementor-element-populated\">\n\t\t\t\t\t\t<section class=\"elementor-section elementor-inner-section elementor-element elementor-element-ac3ffa7 elementor-section-full_width qode_elementor_container_inner elementor-section-height-default elementor-section-height-default parallax_section_no\" data-id=\"ac3ffa7\" data-element_type=\"section\" data-e-type=\"section\" data-settings=\"{&quot;background_background&quot;:&quot;classic&quot;}\">\n\t\t\t\t\t\t<div class=\"elementor-container elementor-column-gap-default\">\n\t\t\t\t\t<div class=\"elementor-column elementor-col-100 elementor-inner-column elementor-element elementor-element-413c350\" data-id=\"413c350\" data-element_type=\"column\" data-e-type=\"column\">\n\t\t\t<div class=\"elementor-widget-wrap elementor-element-populated\">\n\t\t\t\t\t\t<div class=\"elementor-element elementor-element-ce38e04 elementor-widget__width-initial elementor-widget-tablet__width-initial elementor-widget elementor-widget-qi_addons_for_elementor_section_title\" data-id=\"ce38e04\" data-element_type=\"widget\" data-e-type=\"widget\" data-widget_type=\"qi_addons_for_elementor_section_title.default\">\n\t\t\t\t<div class=\"elementor-widget-container\">\n\t\t\t\t\t<div class=\"qodef-shortcode qodef-m qodef-qi-section-title qodef-decoration--italic qodef-link--underline-draw qodef-subtitle-icon--left\">\n\t\t\t\t\t\t<h1 class=\"qodef-m-title\">\n\t\tMore than 30 years of experience.\t<\/h1>\n\t\t\t<div class=\"qodef-m-text\"><h5><span style=\"color: #ffffff\">RaLight Solutions Group, founded in 2010 by Francisco Javier Rodr\u00edguez and Jos\u00e9 Manuel Louro, two professionals with more than 30 years of combined experience in the video game industry, is made up of three companies:<\/span><br><span style=\"color: #ffffff\">\u2022 <strong>RaLight Solutions<\/strong> - Marketing and distribution of consoles, video games, accessories, and merchandise.<\/span><br><span style=\"color: #ffffff\">\u2022 <strong>RaLight Software<\/strong>: creation, development, production, and publishing of digital content. \"Push-Cars,\" \"Eviana,\" \"Animals Together,\" and \"Triviador Espa\u00f1a\" are some of the productions of RaLight Software.<\/span><br><span style=\"color: #ffffff\">\u2022 <strong>RaLight Shopping<\/strong>: an e-commerce group with official stores on platforms such as eBay, Amazon, and AliExpress, under the commercial name of The Shop Gamer.<\/span><br><span style=\"color: #ffffff\">The group has other lines of business in countries such as Brazil, Mexico, the United States, China, and Arab countries.<\/span><\/h5><\/div>\n\t<\/div>\n\t\t\t\t<\/div>\n\t\t\t\t<\/div>\n\t\t\t\t\t<\/div>\n\t\t<\/div>\n\t\t\t\t\t<\/div>\n\t\t<\/section>\n\t\t\t\t\t<\/div>\n\t\t<\/div>\n\t\t\t\t\t<\/div>\n\t\t<\/section>\n\t\t\t\t<section class=\"elementor-section elementor-top-section elementor-element elementor-element-3b88f48 elementor-section-full_width elementor-section-height-default elementor-section-height-default parallax_section_no qode_elementor_container_no\" data-id=\"3b88f48\" data-element_type=\"section\" data-e-type=\"section\" data-settings=\"{&quot;background_background&quot;:&quot;classic&quot;}\">\n\t\t\t\t\t\t<div class=\"elementor-container elementor-column-gap-default\">\n\t\t\t\t\t<div class=\"elementor-column elementor-col-100 elementor-top-column elementor-element elementor-element-95a19bc\" data-id=\"95a19bc\" data-element_type=\"column\" data-e-type=\"column\">\n\t\t\t<div class=\"elementor-widget-wrap\">\n\t\t\t\t\t\t\t<\/div>\n\t\t<\/div>\n\t\t\t\t\t<\/div>\n\t\t<\/section>\n\t\t\t\t<section class=\"elementor-section elementor-top-section elementor-element elementor-element-cd01a12 elementor-section-full_width elementor-section-height-default elementor-section-height-default parallax_section_no qode_elementor_container_no\" data-id=\"cd01a12\" data-element_type=\"section\" data-e-type=\"section\">\n\t\t\t\t\t\t<div class=\"elementor-container elementor-column-gap-default\">\n\t\t\t\t\t<div class=\"elementor-column elementor-col-100 elementor-top-column elementor-element elementor-element-fb9f781\" data-id=\"fb9f781\" data-element_type=\"column\" data-e-type=\"column\">\n\t\t\t<div class=\"elementor-widget-wrap elementor-element-populated\">\n\t\t\t\t\t\t<div class=\"elementor-element elementor-element-d95ad3d elementor-widget elementor-widget-bridge_image_slider_no_space\" data-id=\"d95ad3d\" data-element_type=\"widget\" data-e-type=\"widget\" data-widget_type=\"bridge_image_slider_no_space.default\">\n\t\t\t\t<div class=\"elementor-widget-container\">\n\t\t\t\t\t<div class='qode_image_gallery_no_space '><div class='qode_image_gallery_holder' style='height: 300px;'><ul  ><li  ><div style=\"height: 300px; width:401px;\"><img decoding=\"async\" itemprop=\"image\" src=\"https:\/\/ralightsolutions.com\/wp-content\/uploads\/2021\/12\/IMG_0140-scaled.jpg\" alt=\"\" \/><\/div><\/li><li  ><div style=\"height: 300px; width:225px;\"><img decoding=\"async\" itemprop=\"image\" src=\"https:\/\/ralightsolutions.com\/wp-content\/uploads\/2021\/12\/IMG_6832-scaled.jpg\" alt=\"\" \/><\/div><\/li><li  ><div style=\"height: 300px; width:400px;\"><img decoding=\"async\" itemprop=\"image\" src=\"https:\/\/ralightsolutions.com\/wp-content\/uploads\/2021\/12\/IMG_9325-scaled.jpg\" alt=\"\" \/><\/div><\/li><li  ><div style=\"height: 300px; width:225px;\"><img decoding=\"async\" itemprop=\"image\" src=\"https:\/\/ralightsolutions.com\/wp-content\/uploads\/2021\/12\/IMG_3619-scaled.jpg\" alt=\"\" \/><\/div><\/li><li  ><div style=\"height: 300px; width:400px;\"><img decoding=\"async\" itemprop=\"image\" src=\"https:\/\/ralightsolutions.com\/wp-content\/uploads\/2021\/12\/IMG_3648-scaled.jpg\" alt=\"\" \/><\/div><\/li><li  ><div style=\"height: 300px; width:402px;\"><img decoding=\"async\" itemprop=\"image\" src=\"https:\/\/ralightsolutions.com\/wp-content\/uploads\/2021\/12\/IMG_1453-scaled.jpg\" alt=\"\" \/><\/div><\/li><li  ><div style=\"height: 300px; width:225px;\"><img decoding=\"async\" itemprop=\"image\" src=\"https:\/\/ralightsolutions.com\/wp-content\/uploads\/2021\/12\/IMG_3579-scaled.jpg\" alt=\"\" \/><\/div><\/li><li  ><div style=\"height: 300px; width:221px;\"><img decoding=\"async\" itemprop=\"image\" src=\"https:\/\/ralightsolutions.com\/wp-content\/uploads\/2021\/12\/IMG_1993-scaled.jpg\" alt=\"\" \/><\/div><\/li><li  ><div style=\"height: 300px; width:400px;\"><img decoding=\"async\" itemprop=\"image\" src=\"https:\/\/ralightsolutions.com\/wp-content\/uploads\/2021\/12\/IMG_1419-rotated.jpg\" alt=\"\" \/><\/div><\/li><li  ><div style=\"height: 300px; width:225px;\"><img decoding=\"async\" itemprop=\"image\" src=\"https:\/\/ralightsolutions.com\/wp-content\/uploads\/2021\/12\/IMG_1452-rotated.jpg\" alt=\"\" \/><\/div><\/li><li  ><div style=\"height: 300px; width:534px;\"><img decoding=\"async\" itemprop=\"image\" src=\"https:\/\/ralightsolutions.com\/wp-content\/uploads\/2021\/12\/DJI_0076-scaled.jpg\" alt=\"\" \/><\/div><\/li><li  ><div style=\"height: 300px; width:400px;\"><img decoding=\"async\" itemprop=\"image\" src=\"https:\/\/ralightsolutions.com\/wp-content\/uploads\/2021\/12\/IMG_3657-scaled.jpg\" alt=\"\" \/><\/div><\/li><li  ><div style=\"height: 300px; width:400px;\"><img decoding=\"async\" itemprop=\"image\" src=\"https:\/\/ralightsolutions.com\/wp-content\/uploads\/2021\/12\/IMG_8230-scaled.jpg\" alt=\"\" \/><\/div><\/li><li  ><div style=\"height: 300px; width:400px;\"><img decoding=\"async\" itemprop=\"image\" src=\"https:\/\/ralightsolutions.com\/wp-content\/uploads\/2021\/12\/Snapseed-2-scaled.jpg\" alt=\"\" \/><\/div><\/li><li  ><div style=\"height: 300px; width:400px;\"><img decoding=\"async\" itemprop=\"image\" src=\"https:\/\/ralightsolutions.com\/wp-content\/uploads\/2021\/12\/IMG_8457-scaled.jpg\" alt=\"\" \/><\/div><\/li><\/ul><\/div><div class=\"controls\"><a class=\"prev-slide\" href=\"#\"><span><i class=\"fa fa-angle-left\"><\/i><\/span><\/a><a class=\"next-slide\" href=\"#\"><span><i class=\"fa fa-angle-right\"><\/i><\/span><\/a><\/div><\/div>\t\t\t\t<\/div>\n\t\t\t\t<\/div>\n\t\t\t\t<div class=\"elementor-element elementor-element-67b6c19 elementor-widget elementor-widget-bridge_button\" data-id=\"67b6c19\" data-element_type=\"widget\" data-e-type=\"widget\" data-widget_type=\"bridge_button.default\">\n\t\t\t\t<div class=\"elementor-widget-container\">\n\t\t\t\t\t<a  itemprop=\"url\" href=\"https:\/\/ralightsolutions.com\/contacta\" target=\"_self\" data-hover-background-color='#1C1C1C' data-hover-border-color='#1C1C1C' data-hover-color='#FFFFFF' class=\"qbutton  big_large_full_width center default\" style=\"color: #FFFFFF; border-color: #000000; background-color: #050AC8;\">Contact us<\/a>\t\t\t\t<\/div>\n\t\t\t\t<\/div>\n\t\t\t\t\t<\/div>\n\t\t<\/div>\n\t\t\t\t\t<\/div>\n\t\t<\/section>\n\t\t\t\t<\/div>\n\t\t","protected":false},"excerpt":{"rendered":"<p>More than 30 years of experience. RaLight Solutions Group, founded in 2010 by Francisco Javier Rodr\u00edguez and Jos\u00e9 Manuel Louro, two professionals with more than 30 years of combined experience in the video game industry, is made up of three companies:\u2022 RaLight Solutions &#8211; Marketing&#8230;<\/p>\n","protected":false},"author":1,"featured_media":0,"parent":0,"menu_order":0,"comment_status":"closed","ping_status":"closed","template":"full_width.php","meta":{"footnotes":""},"class_list":["post-1074","page","type-page","status-publish","hentry"],"yoast_head":"<!-- This site is optimized with the Yoast SEO plugin v27.5 - https:\/\/yoast.com\/product\/yoast-seo-wordpress\/ -->\n<title>About Ralight Solutions | Video Game Experts Since 2010<\/title>\n<meta name=\"description\" content=\"Discover Ralight Solutions Group, founded in 2010. Experts in B2B distribution, software and video game development, and e-commerce with The Shop Gamer.\" \/>\n<meta name=\"robots\" content=\"index, follow, max-snippet:-1, max-image-preview:large, max-video-preview:-1\" \/>\n<link rel=\"canonical\" href=\"https:\/\/ralightsolutions.com\/en\/about-us\/\" \/>\n<meta property=\"og:locale\" content=\"en_US\" \/>\n<meta property=\"og:type\" content=\"article\" \/>\n<meta property=\"og:title\" content=\"About Ralight Solutions | Video Game Experts Since 2010\" \/>\n<meta property=\"og:description\" content=\"Discover Ralight Solutions Group, founded in 2010. Experts in B2B distribution, software and video game development, and e-commerce with The Shop Gamer.\" \/>\n<meta property=\"og:url\" content=\"https:\/\/ralightsolutions.com\/en\/about-us\/\" \/>\n<meta property=\"og:site_name\" content=\"Ralight Solutions\" \/>\n<meta property=\"article:modified_time\" content=\"2025-05-09T11:47:48+00:00\" \/>\n<meta property=\"og:image\" content=\"https:\/\/ralightsolutions.com\/wp-content\/uploads\/2021\/12\/IMG_0140-scaled.jpg\" \/>\n<meta name=\"twitter:card\" content=\"summary_large_image\" \/>\n<meta name=\"twitter:label1\" content=\"Est. reading time\" \/>\n\t<meta name=\"twitter:data1\" content=\"1 minute\" \/>\n<script type=\"application\/ld+json\" class=\"yoast-schema-graph\">{\"@context\":\"https:\\\/\\\/schema.org\",\"@graph\":[{\"@type\":\"WebPage\",\"@id\":\"https:\\\/\\\/ralightsolutions.com\\\/en\\\/about-us\\\/\",\"url\":\"https:\\\/\\\/ralightsolutions.com\\\/en\\\/about-us\\\/\",\"name\":\"About Ralight Solutions | Video Game Experts Since 2010\",\"isPartOf\":{\"@id\":\"https:\\\/\\\/ralightsolutions.com\\\/#website\"},\"primaryImageOfPage\":{\"@id\":\"https:\\\/\\\/ralightsolutions.com\\\/en\\\/about-us\\\/#primaryimage\"},\"image\":{\"@id\":\"https:\\\/\\\/ralightsolutions.com\\\/en\\\/about-us\\\/#primaryimage\"},\"thumbnailUrl\":\"https:\\\/\\\/ralightsolutions.com\\\/wp-content\\\/uploads\\\/2021\\\/12\\\/IMG_0140-scaled.jpg\",\"datePublished\":\"2025-04-30T10:20:26+00:00\",\"dateModified\":\"2025-05-09T11:47:48+00:00\",\"description\":\"Discover Ralight Solutions Group, founded in 2010. Experts in B2B distribution, software and video game development, and e-commerce with The Shop Gamer.\",\"breadcrumb\":{\"@id\":\"https:\\\/\\\/ralightsolutions.com\\\/en\\\/about-us\\\/#breadcrumb\"},\"inLanguage\":\"en-US\",\"potentialAction\":[{\"@type\":\"ReadAction\",\"target\":[\"https:\\\/\\\/ralightsolutions.com\\\/en\\\/about-us\\\/\"]}]},{\"@type\":\"ImageObject\",\"inLanguage\":\"en-US\",\"@id\":\"https:\\\/\\\/ralightsolutions.com\\\/en\\\/about-us\\\/#primaryimage\",\"url\":\"https:\\\/\\\/ralightsolutions.com\\\/wp-content\\\/uploads\\\/2021\\\/12\\\/IMG_0140-scaled.jpg\",\"contentUrl\":\"https:\\\/\\\/ralightsolutions.com\\\/wp-content\\\/uploads\\\/2021\\\/12\\\/IMG_0140-scaled.jpg\"},{\"@type\":\"BreadcrumbList\",\"@id\":\"https:\\\/\\\/ralightsolutions.com\\\/en\\\/about-us\\\/#breadcrumb\",\"itemListElement\":[{\"@type\":\"ListItem\",\"position\":1,\"name\":\"Portada\",\"item\":\"https:\\\/\\\/ralightsolutions.com\\\/en\\\/home\\\/\"},{\"@type\":\"ListItem\",\"position\":2,\"name\":\"ABOUT US\"}]},{\"@type\":\"WebSite\",\"@id\":\"https:\\\/\\\/ralightsolutions.com\\\/#website\",\"url\":\"https:\\\/\\\/ralightsolutions.com\\\/\",\"name\":\"Ralight Solutions\",\"description\":\"RaLight Solutions es una compa\u00f1\u00eda de trading y distribuci\u00f3n fundada en 2010 que lleva consolas, videojuegos y accesorios a cualquier parte del mundo bajo el modelo de B2B.\",\"publisher\":{\"@id\":\"https:\\\/\\\/ralightsolutions.com\\\/#organization\"},\"potentialAction\":[{\"@type\":\"SearchAction\",\"target\":{\"@type\":\"EntryPoint\",\"urlTemplate\":\"https:\\\/\\\/ralightsolutions.com\\\/?s={search_term_string}\"},\"query-input\":{\"@type\":\"PropertyValueSpecification\",\"valueRequired\":true,\"valueName\":\"search_term_string\"}}],\"inLanguage\":\"en-US\"},{\"@type\":\"Organization\",\"@id\":\"https:\\\/\\\/ralightsolutions.com\\\/#organization\",\"name\":\"Ralight Solutions\",\"url\":\"https:\\\/\\\/ralightsolutions.com\\\/\",\"logo\":{\"@type\":\"ImageObject\",\"inLanguage\":\"en-US\",\"@id\":\"https:\\\/\\\/ralightsolutions.com\\\/#\\\/schema\\\/logo\\\/image\\\/\",\"url\":\"https:\\\/\\\/ralightsolutions.com\\\/wp-content\\\/uploads\\\/2023\\\/09\\\/WhatsApp-Image-2023-09-27-at-16.06.04.jpeg\",\"contentUrl\":\"https:\\\/\\\/ralightsolutions.com\\\/wp-content\\\/uploads\\\/2023\\\/09\\\/WhatsApp-Image-2023-09-27-at-16.06.04.jpeg\",\"width\":540,\"height\":300,\"caption\":\"Ralight Solutions\"},\"image\":{\"@id\":\"https:\\\/\\\/ralightsolutions.com\\\/#\\\/schema\\\/logo\\\/image\\\/\"}}]}<\/script>\n<!-- \/ Yoast SEO plugin. -->","yoast_head_json":{"title":"About Ralight Solutions | Video Game Experts Since 2010","description":"Discover Ralight Solutions Group, founded in 2010. Experts in B2B distribution, software and video game development, and e-commerce with The Shop Gamer.","robots":{"index":"index","follow":"follow","max-snippet":"max-snippet:-1","max-image-preview":"max-image-preview:large","max-video-preview":"max-video-preview:-1"},"canonical":"https:\/\/ralightsolutions.com\/en\/about-us\/","og_locale":"en_US","og_type":"article","og_title":"About Ralight Solutions | Video Game Experts Since 2010","og_description":"Discover Ralight Solutions Group, founded in 2010. Experts in B2B distribution, software and video game development, and e-commerce with The Shop Gamer.","og_url":"https:\/\/ralightsolutions.com\/en\/about-us\/","og_site_name":"Ralight Solutions","article_modified_time":"2025-05-09T11:47:48+00:00","og_image":[{"url":"https:\/\/ralightsolutions.com\/wp-content\/uploads\/2021\/12\/IMG_0140-scaled.jpg","type":"","width":"","height":""}],"twitter_card":"summary_large_image","twitter_misc":{"Est. reading time":"1 minute"},"schema":{"@context":"https:\/\/schema.org","@graph":[{"@type":"WebPage","@id":"https:\/\/ralightsolutions.com\/en\/about-us\/","url":"https:\/\/ralightsolutions.com\/en\/about-us\/","name":"About Ralight Solutions | Video Game Experts Since 2010","isPartOf":{"@id":"https:\/\/ralightsolutions.com\/#website"},"primaryImageOfPage":{"@id":"https:\/\/ralightsolutions.com\/en\/about-us\/#primaryimage"},"image":{"@id":"https:\/\/ralightsolutions.com\/en\/about-us\/#primaryimage"},"thumbnailUrl":"https:\/\/ralightsolutions.com\/wp-content\/uploads\/2021\/12\/IMG_0140-scaled.jpg","datePublished":"2025-04-30T10:20:26+00:00","dateModified":"2025-05-09T11:47:48+00:00","description":"Discover Ralight Solutions Group, founded in 2010. Experts in B2B distribution, software and video game development, and e-commerce with The Shop Gamer.","breadcrumb":{"@id":"https:\/\/ralightsolutions.com\/en\/about-us\/#breadcrumb"},"inLanguage":"en-US","potentialAction":[{"@type":"ReadAction","target":["https:\/\/ralightsolutions.com\/en\/about-us\/"]}]},{"@type":"ImageObject","inLanguage":"en-US","@id":"https:\/\/ralightsolutions.com\/en\/about-us\/#primaryimage","url":"https:\/\/ralightsolutions.com\/wp-content\/uploads\/2021\/12\/IMG_0140-scaled.jpg","contentUrl":"https:\/\/ralightsolutions.com\/wp-content\/uploads\/2021\/12\/IMG_0140-scaled.jpg"},{"@type":"BreadcrumbList","@id":"https:\/\/ralightsolutions.com\/en\/about-us\/#breadcrumb","itemListElement":[{"@type":"ListItem","position":1,"name":"Portada","item":"https:\/\/ralightsolutions.com\/en\/home\/"},{"@type":"ListItem","position":2,"name":"ABOUT US"}]},{"@type":"WebSite","@id":"https:\/\/ralightsolutions.com\/#website","url":"https:\/\/ralightsolutions.com\/","name":"Ralight Solutions","description":"RaLight Solutions es una compa\u00f1\u00eda de trading y distribuci\u00f3n fundada en 2010 que lleva consolas, videojuegos y accesorios a cualquier parte del mundo bajo el modelo de B2B.","publisher":{"@id":"https:\/\/ralightsolutions.com\/#organization"},"potentialAction":[{"@type":"SearchAction","target":{"@type":"EntryPoint","urlTemplate":"https:\/\/ralightsolutions.com\/?s={search_term_string}"},"query-input":{"@type":"PropertyValueSpecification","valueRequired":true,"valueName":"search_term_string"}}],"inLanguage":"en-US"},{"@type":"Organization","@id":"https:\/\/ralightsolutions.com\/#organization","name":"Ralight Solutions","url":"https:\/\/ralightsolutions.com\/","logo":{"@type":"ImageObject","inLanguage":"en-US","@id":"https:\/\/ralightsolutions.com\/#\/schema\/logo\/image\/","url":"https:\/\/ralightsolutions.com\/wp-content\/uploads\/2023\/09\/WhatsApp-Image-2023-09-27-at-16.06.04.jpeg","contentUrl":"https:\/\/ralightsolutions.com\/wp-content\/uploads\/2023\/09\/WhatsApp-Image-2023-09-27-at-16.06.04.jpeg","width":540,"height":300,"caption":"Ralight Solutions"},"image":{"@id":"https:\/\/ralightsolutions.com\/#\/schema\/logo\/image\/"}}]}},"_links":{"self":[{"href":"https:\/\/ralightsolutions.com\/en\/wp-json\/wp\/v2\/pages\/1074","targetHints":{"allow":["GET"]}}],"collection":[{"href":"https:\/\/ralightsolutions.com\/en\/wp-json\/wp\/v2\/pages"}],"about":[{"href":"https:\/\/ralightsolutions.com\/en\/wp-json\/wp\/v2\/types\/page"}],"author":[{"embeddable":true,"href":"https:\/\/ralightsolutions.com\/en\/wp-json\/wp\/v2\/users\/1"}],"replies":[{"embeddable":true,"href":"https:\/\/ralightsolutions.com\/en\/wp-json\/wp\/v2\/comments?post=1074"}],"version-history":[{"count":6,"href":"https:\/\/ralightsolutions.com\/en\/wp-json\/wp\/v2\/pages\/1074\/revisions"}],"predecessor-version":[{"id":1089,"href":"https:\/\/ralightsolutions.com\/en\/wp-json\/wp\/v2\/pages\/1074\/revisions\/1089"}],"wp:attachment":[{"href":"https:\/\/ralightsolutions.com\/en\/wp-json\/wp\/v2\/media?parent=1074"}],"curies":[{"name":"wp","href":"https:\/\/api.w.org\/{rel}","templated":true}]}}