{"id":1069,"date":"2025-04-30T10:16:15","date_gmt":"2025-04-30T10:16:15","guid":{"rendered":"https:\/\/ralightsolutions.com\/privacy-policy\/"},"modified":"2025-05-09T11:46:17","modified_gmt":"2025-05-09T11:46:17","slug":"privacy-policy","status":"publish","type":"page","link":"https:\/\/ralightsolutions.com\/en\/privacy-policy\/","title":{"rendered":"PRIVACY POLICY"},"content":{"rendered":"\n<h2 class=\"wp-block-heading\"><a>LEGAL NOTICE AND GENERAL TERMS AND CONDITIONS<\/a><\/h2>\n\n<p>Anyone who accesses this website is considered a user and agrees to strictly observe and comply with the provisions set forth here, as well as any other legal provisions that may apply. Accessing this website implies submission to and acceptance of these general terms and conditions. <\/p>\n\n<h2 class=\"wp-block-heading\">IDENTIFYING INFORMATION<\/h2>\n\n<p>In compliance with the information duty established in Article 10 of Law 34\/2002, of July 11, on Information Society Services and Electronic Commerce, RaLight Solutions, S.L. informs you that the website <a href=\"http:\/\/www.ralightsolutions.com\/\">www.ralightsolutions.com<\/a> is owned by RaLight Solutions, S.L., registered in the Madrid Mercantile Registry, VOLUME 27604, PAGE 71, SECTION 8, SHEET M-497455, with VAT number B-85911881, and its registered office at Pol\u00edgono Industrial &#8216;Sector 8&#8217; &#8211; 28850 Torrej\u00f3n de Ardoz (Madrid).<\/p>\n\n<p>RaLight Solutions, S.L. is the owner of the domain <strong>ralightsoftware.com<\/strong>, and access to it is free and open, created to promote the activities and services provided by its owner, as well as other companies belonging to the RaLight Solutions Group. The information contained on the website, whether from internal or third-party sources, does not constitute the provision of professional services nor is it a source of advice.  <\/p>\n\n<h2 class=\"wp-block-heading\"><a>DATA PROTECTION<\/a><\/h2>\n\n<p>Access to the website <a href=\"http:\/\/www.ralightsolutions.com\/\">www.ralightsolutions.com<\/a> does not imply that the user is required to provide any type of information. <\/p>\n\n<p>In compliance with Article 5 of Organic Law 15\/1999, it is hereby informed that the data provided on this website through the contact form or by any other means will be processed by RALIGHT SOLUTIONS, S.L. in order to respond to the request made through the emails that the user chooses to send. The data subject, who is responsible for their accuracy and updating, acknowledges that the data are appropriate, relevant, and not excessive, and authorizes their processing for the purposes mentioned above, either directly or through service providers. The processing of personal data carried out by this company does not include data disclosures, except for compliance with legally established obligations and those directly related to the provision of the requested service. The data subject may exercise the rights of access, rectification, opposition, and cancellation by contacting the data controller at the company\u2019s address indicated above.   <\/p>\n\n<p>In the event that the data are not provided directly by the data subject, the person supplying them must comply with the obligations related to the duty of information as previously stated and obtain all necessary consents for the processing by the data controller.<\/p>\n\n<p><strong>INTELLECTUAL AND INDUSTRIAL PROPERTY<\/strong><\/p>\n\n<p>The graphic elements and texts that make up the website are the exclusive property of RALIGHT SOLUTIONS, S.L., which holds all exploitation rights. The reproduction, transformation, distribution, public communication, making available, extraction, reuse, forwarding, and reproduction by any means or procedure are expressly prohibited.<\/p>\n\n<p>The use of the images contained on this website is not permitted without the express authorization of RALIGHT SOLUTIONS, S.L., which is the intellectual owner of said images. Any use of them requires our explicit approval. <\/p>\n\n<p>RALIGHT SOLUTIONS, S.L. reserves the right to make, at any time and without prior notice, modifications and updates to the information contained on its website, as well as to its configuration and presentation. Likewise, it does not guarantee the absence of errors in access to the website or in its content, nor that such content is up to date, although it will make every effort within its reach to avoid or correct them. <\/p>\n\n<p>RALIGHT SOLUTIONS, S.L. assumes no responsibility for the content displayed through links to third-party websites referenced on this site. Unauthorized use of the information contained on this website, as well as any infringement of the Intellectual or Industrial Property rights of RALIGHT SOLUTIONS, S.L., will give rise to the legally established liabilities. Both access to this website and any use made of the information contained herein are the sole responsibility of the user.  <\/p>\n\n<p>RALIGHT SOLUTIONS, S.L. is not responsible for any potential security errors that may occur, nor for any possible damage that may be caused to the user\u2019s computer system as a result of the presence of viruses on the device used to connect to the services and content of <a href=\"http:\/\/www.ralightsolutions.com\/\">www.ralightsolutions.com<\/a>, due to browser malfunctions, or the use of outdated browser versions.<\/p>\n\n<p><strong>APPLICABLE LAW AND JURISDICTION<\/strong><\/p>\n\n<p>The relationship between the company and the user shall be governed by current Spanish legislation, and any disputes will be submitted to the Courts and Tribunals of the city of Madrid.<\/p>\n\n<p>In Torrej\u00f3n de Ardoz, on September 26, 2014.<\/p>\n","protected":false},"excerpt":{"rendered":"<p>LEGAL NOTICE AND GENERAL TERMS AND CONDITIONS Anyone who accesses this website is considered a user and agrees to strictly observe and comply with the provisions set forth here, as well as any other legal provisions that may apply. Accessing this website implies submission to&#8230;<\/p>\n","protected":false},"author":1,"featured_media":0,"parent":0,"menu_order":0,"comment_status":"closed","ping_status":"open","template":"","meta":{"footnotes":""},"class_list":["post-1069","page","type-page","status-publish","hentry"],"yoast_head":"<!-- This site is optimized with the Yoast SEO plugin v27.5 - https:\/\/yoast.com\/product\/yoast-seo-wordpress\/ -->\n<title>Privacy Policy | Ralight Solutions<\/title>\n<meta name=\"description\" content=\"Read Ralight Solutions&#039; Privacy Policy to learn how we collect, use, and protect your personal data. Know your rights.\" \/>\n<meta name=\"robots\" content=\"index, follow, max-snippet:-1, max-image-preview:large, max-video-preview:-1\" \/>\n<link rel=\"canonical\" href=\"https:\/\/ralightsolutions.com\/en\/privacy-policy\/\" \/>\n<meta property=\"og:locale\" content=\"en_US\" \/>\n<meta property=\"og:type\" content=\"article\" \/>\n<meta property=\"og:title\" content=\"Privacy Policy | Ralight Solutions\" \/>\n<meta property=\"og:description\" content=\"Read Ralight Solutions&#039; Privacy Policy to learn how we collect, use, and protect your personal data. Know your rights.\" \/>\n<meta property=\"og:url\" content=\"https:\/\/ralightsolutions.com\/en\/privacy-policy\/\" \/>\n<meta property=\"og:site_name\" content=\"Ralight Solutions\" \/>\n<meta property=\"article:modified_time\" content=\"2025-05-09T11:46:17+00:00\" \/>\n<meta property=\"og:image\" content=\"https:\/\/ralightsolutions.com\/wp-content\/uploads\/2023\/09\/WhatsApp-Image-2023-09-27-at-16.06.04.jpeg\" \/>\n\t<meta property=\"og:image:width\" content=\"540\" \/>\n\t<meta property=\"og:image:height\" content=\"300\" \/>\n\t<meta property=\"og:image:type\" content=\"image\/jpeg\" \/>\n<meta name=\"twitter:card\" content=\"summary_large_image\" \/>\n<meta name=\"twitter:label1\" content=\"Est. reading time\" \/>\n\t<meta name=\"twitter:data1\" content=\"4 minutes\" \/>\n<script type=\"application\/ld+json\" class=\"yoast-schema-graph\">{\"@context\":\"https:\\\/\\\/schema.org\",\"@graph\":[{\"@type\":\"WebPage\",\"@id\":\"https:\\\/\\\/ralightsolutions.com\\\/en\\\/privacy-policy\\\/\",\"url\":\"https:\\\/\\\/ralightsolutions.com\\\/en\\\/privacy-policy\\\/\",\"name\":\"Privacy Policy | Ralight Solutions\",\"isPartOf\":{\"@id\":\"https:\\\/\\\/ralightsolutions.com\\\/#website\"},\"datePublished\":\"2025-04-30T10:16:15+00:00\",\"dateModified\":\"2025-05-09T11:46:17+00:00\",\"description\":\"Read Ralight Solutions' Privacy Policy to learn how we collect, use, and protect your personal data. Know your rights.\",\"breadcrumb\":{\"@id\":\"https:\\\/\\\/ralightsolutions.com\\\/en\\\/privacy-policy\\\/#breadcrumb\"},\"inLanguage\":\"en-US\",\"potentialAction\":[{\"@type\":\"ReadAction\",\"target\":[\"https:\\\/\\\/ralightsolutions.com\\\/en\\\/privacy-policy\\\/\"]}]},{\"@type\":\"BreadcrumbList\",\"@id\":\"https:\\\/\\\/ralightsolutions.com\\\/en\\\/privacy-policy\\\/#breadcrumb\",\"itemListElement\":[{\"@type\":\"ListItem\",\"position\":1,\"name\":\"Portada\",\"item\":\"https:\\\/\\\/ralightsolutions.com\\\/en\\\/home\\\/\"},{\"@type\":\"ListItem\",\"position\":2,\"name\":\"PRIVACY POLICY\"}]},{\"@type\":\"WebSite\",\"@id\":\"https:\\\/\\\/ralightsolutions.com\\\/#website\",\"url\":\"https:\\\/\\\/ralightsolutions.com\\\/\",\"name\":\"Ralight Solutions\",\"description\":\"RaLight Solutions es una compa\u00f1\u00eda de trading y distribuci\u00f3n fundada en 2010 que lleva consolas, videojuegos y accesorios a cualquier parte del mundo bajo el modelo de B2B.\",\"publisher\":{\"@id\":\"https:\\\/\\\/ralightsolutions.com\\\/#organization\"},\"potentialAction\":[{\"@type\":\"SearchAction\",\"target\":{\"@type\":\"EntryPoint\",\"urlTemplate\":\"https:\\\/\\\/ralightsolutions.com\\\/?s={search_term_string}\"},\"query-input\":{\"@type\":\"PropertyValueSpecification\",\"valueRequired\":true,\"valueName\":\"search_term_string\"}}],\"inLanguage\":\"en-US\"},{\"@type\":\"Organization\",\"@id\":\"https:\\\/\\\/ralightsolutions.com\\\/#organization\",\"name\":\"Ralight Solutions\",\"url\":\"https:\\\/\\\/ralightsolutions.com\\\/\",\"logo\":{\"@type\":\"ImageObject\",\"inLanguage\":\"en-US\",\"@id\":\"https:\\\/\\\/ralightsolutions.com\\\/#\\\/schema\\\/logo\\\/image\\\/\",\"url\":\"https:\\\/\\\/ralightsolutions.com\\\/wp-content\\\/uploads\\\/2023\\\/09\\\/WhatsApp-Image-2023-09-27-at-16.06.04.jpeg\",\"contentUrl\":\"https:\\\/\\\/ralightsolutions.com\\\/wp-content\\\/uploads\\\/2023\\\/09\\\/WhatsApp-Image-2023-09-27-at-16.06.04.jpeg\",\"width\":540,\"height\":300,\"caption\":\"Ralight Solutions\"},\"image\":{\"@id\":\"https:\\\/\\\/ralightsolutions.com\\\/#\\\/schema\\\/logo\\\/image\\\/\"}}]}<\/script>\n<!-- \/ Yoast SEO plugin. -->","yoast_head_json":{"title":"Privacy Policy | Ralight Solutions","description":"Read Ralight Solutions' Privacy Policy to learn how we collect, use, and protect your personal data. Know your rights.","robots":{"index":"index","follow":"follow","max-snippet":"max-snippet:-1","max-image-preview":"max-image-preview:large","max-video-preview":"max-video-preview:-1"},"canonical":"https:\/\/ralightsolutions.com\/en\/privacy-policy\/","og_locale":"en_US","og_type":"article","og_title":"Privacy Policy | Ralight Solutions","og_description":"Read Ralight Solutions' Privacy Policy to learn how we collect, use, and protect your personal data. Know your rights.","og_url":"https:\/\/ralightsolutions.com\/en\/privacy-policy\/","og_site_name":"Ralight Solutions","article_modified_time":"2025-05-09T11:46:17+00:00","og_image":[{"width":540,"height":300,"url":"https:\/\/ralightsolutions.com\/wp-content\/uploads\/2023\/09\/WhatsApp-Image-2023-09-27-at-16.06.04.jpeg","type":"image\/jpeg"}],"twitter_card":"summary_large_image","twitter_misc":{"Est. reading time":"4 minutes"},"schema":{"@context":"https:\/\/schema.org","@graph":[{"@type":"WebPage","@id":"https:\/\/ralightsolutions.com\/en\/privacy-policy\/","url":"https:\/\/ralightsolutions.com\/en\/privacy-policy\/","name":"Privacy Policy | Ralight Solutions","isPartOf":{"@id":"https:\/\/ralightsolutions.com\/#website"},"datePublished":"2025-04-30T10:16:15+00:00","dateModified":"2025-05-09T11:46:17+00:00","description":"Read Ralight Solutions' Privacy Policy to learn how we collect, use, and protect your personal data. Know your rights.","breadcrumb":{"@id":"https:\/\/ralightsolutions.com\/en\/privacy-policy\/#breadcrumb"},"inLanguage":"en-US","potentialAction":[{"@type":"ReadAction","target":["https:\/\/ralightsolutions.com\/en\/privacy-policy\/"]}]},{"@type":"BreadcrumbList","@id":"https:\/\/ralightsolutions.com\/en\/privacy-policy\/#breadcrumb","itemListElement":[{"@type":"ListItem","position":1,"name":"Portada","item":"https:\/\/ralightsolutions.com\/en\/home\/"},{"@type":"ListItem","position":2,"name":"PRIVACY POLICY"}]},{"@type":"WebSite","@id":"https:\/\/ralightsolutions.com\/#website","url":"https:\/\/ralightsolutions.com\/","name":"Ralight Solutions","description":"RaLight Solutions es una compa\u00f1\u00eda de trading y distribuci\u00f3n fundada en 2010 que lleva consolas, videojuegos y accesorios a cualquier parte del mundo bajo el modelo de B2B.","publisher":{"@id":"https:\/\/ralightsolutions.com\/#organization"},"potentialAction":[{"@type":"SearchAction","target":{"@type":"EntryPoint","urlTemplate":"https:\/\/ralightsolutions.com\/?s={search_term_string}"},"query-input":{"@type":"PropertyValueSpecification","valueRequired":true,"valueName":"search_term_string"}}],"inLanguage":"en-US"},{"@type":"Organization","@id":"https:\/\/ralightsolutions.com\/#organization","name":"Ralight Solutions","url":"https:\/\/ralightsolutions.com\/","logo":{"@type":"ImageObject","inLanguage":"en-US","@id":"https:\/\/ralightsolutions.com\/#\/schema\/logo\/image\/","url":"https:\/\/ralightsolutions.com\/wp-content\/uploads\/2023\/09\/WhatsApp-Image-2023-09-27-at-16.06.04.jpeg","contentUrl":"https:\/\/ralightsolutions.com\/wp-content\/uploads\/2023\/09\/WhatsApp-Image-2023-09-27-at-16.06.04.jpeg","width":540,"height":300,"caption":"Ralight Solutions"},"image":{"@id":"https:\/\/ralightsolutions.com\/#\/schema\/logo\/image\/"}}]}},"_links":{"self":[{"href":"https:\/\/ralightsolutions.com\/en\/wp-json\/wp\/v2\/pages\/1069","targetHints":{"allow":["GET"]}}],"collection":[{"href":"https:\/\/ralightsolutions.com\/en\/wp-json\/wp\/v2\/pages"}],"about":[{"href":"https:\/\/ralightsolutions.com\/en\/wp-json\/wp\/v2\/types\/page"}],"author":[{"embeddable":true,"href":"https:\/\/ralightsolutions.com\/en\/wp-json\/wp\/v2\/users\/1"}],"replies":[{"embeddable":true,"href":"https:\/\/ralightsolutions.com\/en\/wp-json\/wp\/v2\/comments?post=1069"}],"version-history":[{"count":1,"href":"https:\/\/ralightsolutions.com\/en\/wp-json\/wp\/v2\/pages\/1069\/revisions"}],"predecessor-version":[{"id":1070,"href":"https:\/\/ralightsolutions.com\/en\/wp-json\/wp\/v2\/pages\/1069\/revisions\/1070"}],"wp:attachment":[{"href":"https:\/\/ralightsolutions.com\/en\/wp-json\/wp\/v2\/media?parent=1069"}],"curies":[{"name":"wp","href":"https:\/\/api.w.org\/{rel}","templated":true}]}}