{"id":1067,"date":"2025-04-30T10:09:03","date_gmt":"2025-04-30T10:09:03","guid":{"rendered":"https:\/\/ralightsolutions.com\/cookie-policy\/"},"modified":"2025-05-09T11:44:56","modified_gmt":"2025-05-09T11:44:56","slug":"cookie-policy","status":"publish","type":"page","link":"https:\/\/ralightsolutions.com\/en\/cookie-policy\/","title":{"rendered":"Cookie Policy"},"content":{"rendered":"\n<script type=\"text\/javascript\" charset=\"UTF-8\" data-cookiescriptreport=\"report\" src=\"\/\/report.cookie-script.com\/r\/0a55ec594281ebfb8fd6a2fef58f71c6.js\"><\/script>\n","protected":false},"excerpt":{"rendered":"","protected":false},"author":1,"featured_media":0,"parent":0,"menu_order":0,"comment_status":"closed","ping_status":"closed","template":"","meta":{"footnotes":""},"class_list":["post-1067","page","type-page","status-publish","hentry"],"yoast_head":"<!-- This site is optimized with the Yoast SEO plugin v27.5 - https:\/\/yoast.com\/product\/yoast-seo-wordpress\/ -->\n<title>Cookie Policy | Ralight Solutions<\/title>\n<meta name=\"description\" content=\"Read our Cookie Policy to understand how Ralight Solutions uses cookies and how you can manage them. Your privacy is important.\" \/>\n<meta name=\"robots\" content=\"index, follow, max-snippet:-1, max-image-preview:large, max-video-preview:-1\" \/>\n<link rel=\"canonical\" href=\"https:\/\/ralightsolutions.com\/en\/cookie-policy\/\" \/>\n<meta property=\"og:locale\" content=\"en_US\" \/>\n<meta property=\"og:type\" content=\"article\" \/>\n<meta property=\"og:title\" content=\"Cookie Policy | Ralight Solutions\" \/>\n<meta property=\"og:description\" content=\"Read our Cookie Policy to understand how Ralight Solutions uses cookies and how you can manage them. Your privacy is important.\" \/>\n<meta property=\"og:url\" content=\"https:\/\/ralightsolutions.com\/en\/cookie-policy\/\" \/>\n<meta property=\"og:site_name\" content=\"Ralight Solutions\" \/>\n<meta property=\"article:modified_time\" content=\"2025-05-09T11:44:56+00:00\" \/>\n<meta property=\"og:image\" content=\"https:\/\/ralightsolutions.com\/wp-content\/uploads\/2023\/09\/WhatsApp-Image-2023-09-27-at-16.06.04.jpeg\" \/>\n\t<meta property=\"og:image:width\" content=\"540\" \/>\n\t<meta property=\"og:image:height\" content=\"300\" \/>\n\t<meta property=\"og:image:type\" content=\"image\/jpeg\" \/>\n<meta name=\"twitter:card\" content=\"summary_large_image\" \/>\n<script type=\"application\/ld+json\" class=\"yoast-schema-graph\">{\"@context\":\"https:\\\/\\\/schema.org\",\"@graph\":[{\"@type\":\"WebPage\",\"@id\":\"https:\\\/\\\/ralightsolutions.com\\\/en\\\/cookie-policy\\\/\",\"url\":\"https:\\\/\\\/ralightsolutions.com\\\/en\\\/cookie-policy\\\/\",\"name\":\"Cookie Policy | Ralight Solutions\",\"isPartOf\":{\"@id\":\"https:\\\/\\\/ralightsolutions.com\\\/#website\"},\"datePublished\":\"2025-04-30T10:09:03+00:00\",\"dateModified\":\"2025-05-09T11:44:56+00:00\",\"description\":\"Read our Cookie Policy to understand how Ralight Solutions uses cookies and how you can manage them. Your privacy is important.\",\"breadcrumb\":{\"@id\":\"https:\\\/\\\/ralightsolutions.com\\\/en\\\/cookie-policy\\\/#breadcrumb\"},\"inLanguage\":\"en-US\",\"potentialAction\":[{\"@type\":\"ReadAction\",\"target\":[\"https:\\\/\\\/ralightsolutions.com\\\/en\\\/cookie-policy\\\/\"]}]},{\"@type\":\"BreadcrumbList\",\"@id\":\"https:\\\/\\\/ralightsolutions.com\\\/en\\\/cookie-policy\\\/#breadcrumb\",\"itemListElement\":[{\"@type\":\"ListItem\",\"position\":1,\"name\":\"Portada\",\"item\":\"https:\\\/\\\/ralightsolutions.com\\\/en\\\/home\\\/\"},{\"@type\":\"ListItem\",\"position\":2,\"name\":\"Cookie Policy\"}]},{\"@type\":\"WebSite\",\"@id\":\"https:\\\/\\\/ralightsolutions.com\\\/#website\",\"url\":\"https:\\\/\\\/ralightsolutions.com\\\/\",\"name\":\"Ralight Solutions\",\"description\":\"RaLight Solutions es una compa\u00f1\u00eda de trading y distribuci\u00f3n fundada en 2010 que lleva consolas, videojuegos y accesorios a cualquier parte del mundo bajo el modelo de B2B.\",\"publisher\":{\"@id\":\"https:\\\/\\\/ralightsolutions.com\\\/#organization\"},\"potentialAction\":[{\"@type\":\"SearchAction\",\"target\":{\"@type\":\"EntryPoint\",\"urlTemplate\":\"https:\\\/\\\/ralightsolutions.com\\\/?s={search_term_string}\"},\"query-input\":{\"@type\":\"PropertyValueSpecification\",\"valueRequired\":true,\"valueName\":\"search_term_string\"}}],\"inLanguage\":\"en-US\"},{\"@type\":\"Organization\",\"@id\":\"https:\\\/\\\/ralightsolutions.com\\\/#organization\",\"name\":\"Ralight Solutions\",\"url\":\"https:\\\/\\\/ralightsolutions.com\\\/\",\"logo\":{\"@type\":\"ImageObject\",\"inLanguage\":\"en-US\",\"@id\":\"https:\\\/\\\/ralightsolutions.com\\\/#\\\/schema\\\/logo\\\/image\\\/\",\"url\":\"https:\\\/\\\/ralightsolutions.com\\\/wp-content\\\/uploads\\\/2023\\\/09\\\/WhatsApp-Image-2023-09-27-at-16.06.04.jpeg\",\"contentUrl\":\"https:\\\/\\\/ralightsolutions.com\\\/wp-content\\\/uploads\\\/2023\\\/09\\\/WhatsApp-Image-2023-09-27-at-16.06.04.jpeg\",\"width\":540,\"height\":300,\"caption\":\"Ralight Solutions\"},\"image\":{\"@id\":\"https:\\\/\\\/ralightsolutions.com\\\/#\\\/schema\\\/logo\\\/image\\\/\"}}]}<\/script>\n<!-- \/ Yoast SEO plugin. -->","yoast_head_json":{"title":"Cookie Policy | Ralight Solutions","description":"Read our Cookie Policy to understand how Ralight Solutions uses cookies and how you can manage them. Your privacy is important.","robots":{"index":"index","follow":"follow","max-snippet":"max-snippet:-1","max-image-preview":"max-image-preview:large","max-video-preview":"max-video-preview:-1"},"canonical":"https:\/\/ralightsolutions.com\/en\/cookie-policy\/","og_locale":"en_US","og_type":"article","og_title":"Cookie Policy | Ralight Solutions","og_description":"Read our Cookie Policy to understand how Ralight Solutions uses cookies and how you can manage them. Your privacy is important.","og_url":"https:\/\/ralightsolutions.com\/en\/cookie-policy\/","og_site_name":"Ralight Solutions","article_modified_time":"2025-05-09T11:44:56+00:00","og_image":[{"width":540,"height":300,"url":"https:\/\/ralightsolutions.com\/wp-content\/uploads\/2023\/09\/WhatsApp-Image-2023-09-27-at-16.06.04.jpeg","type":"image\/jpeg"}],"twitter_card":"summary_large_image","schema":{"@context":"https:\/\/schema.org","@graph":[{"@type":"WebPage","@id":"https:\/\/ralightsolutions.com\/en\/cookie-policy\/","url":"https:\/\/ralightsolutions.com\/en\/cookie-policy\/","name":"Cookie Policy | Ralight Solutions","isPartOf":{"@id":"https:\/\/ralightsolutions.com\/#website"},"datePublished":"2025-04-30T10:09:03+00:00","dateModified":"2025-05-09T11:44:56+00:00","description":"Read our Cookie Policy to understand how Ralight Solutions uses cookies and how you can manage them. Your privacy is important.","breadcrumb":{"@id":"https:\/\/ralightsolutions.com\/en\/cookie-policy\/#breadcrumb"},"inLanguage":"en-US","potentialAction":[{"@type":"ReadAction","target":["https:\/\/ralightsolutions.com\/en\/cookie-policy\/"]}]},{"@type":"BreadcrumbList","@id":"https:\/\/ralightsolutions.com\/en\/cookie-policy\/#breadcrumb","itemListElement":[{"@type":"ListItem","position":1,"name":"Portada","item":"https:\/\/ralightsolutions.com\/en\/home\/"},{"@type":"ListItem","position":2,"name":"Cookie Policy"}]},{"@type":"WebSite","@id":"https:\/\/ralightsolutions.com\/#website","url":"https:\/\/ralightsolutions.com\/","name":"Ralight Solutions","description":"RaLight Solutions es una compa\u00f1\u00eda de trading y distribuci\u00f3n fundada en 2010 que lleva consolas, videojuegos y accesorios a cualquier parte del mundo bajo el modelo de B2B.","publisher":{"@id":"https:\/\/ralightsolutions.com\/#organization"},"potentialAction":[{"@type":"SearchAction","target":{"@type":"EntryPoint","urlTemplate":"https:\/\/ralightsolutions.com\/?s={search_term_string}"},"query-input":{"@type":"PropertyValueSpecification","valueRequired":true,"valueName":"search_term_string"}}],"inLanguage":"en-US"},{"@type":"Organization","@id":"https:\/\/ralightsolutions.com\/#organization","name":"Ralight Solutions","url":"https:\/\/ralightsolutions.com\/","logo":{"@type":"ImageObject","inLanguage":"en-US","@id":"https:\/\/ralightsolutions.com\/#\/schema\/logo\/image\/","url":"https:\/\/ralightsolutions.com\/wp-content\/uploads\/2023\/09\/WhatsApp-Image-2023-09-27-at-16.06.04.jpeg","contentUrl":"https:\/\/ralightsolutions.com\/wp-content\/uploads\/2023\/09\/WhatsApp-Image-2023-09-27-at-16.06.04.jpeg","width":540,"height":300,"caption":"Ralight Solutions"},"image":{"@id":"https:\/\/ralightsolutions.com\/#\/schema\/logo\/image\/"}}]}},"_links":{"self":[{"href":"https:\/\/ralightsolutions.com\/en\/wp-json\/wp\/v2\/pages\/1067","targetHints":{"allow":["GET"]}}],"collection":[{"href":"https:\/\/ralightsolutions.com\/en\/wp-json\/wp\/v2\/pages"}],"about":[{"href":"https:\/\/ralightsolutions.com\/en\/wp-json\/wp\/v2\/types\/page"}],"author":[{"embeddable":true,"href":"https:\/\/ralightsolutions.com\/en\/wp-json\/wp\/v2\/users\/1"}],"replies":[{"embeddable":true,"href":"https:\/\/ralightsolutions.com\/en\/wp-json\/wp\/v2\/comments?post=1067"}],"version-history":[{"count":3,"href":"https:\/\/ralightsolutions.com\/en\/wp-json\/wp\/v2\/pages\/1067\/revisions"}],"predecessor-version":[{"id":1078,"href":"https:\/\/ralightsolutions.com\/en\/wp-json\/wp\/v2\/pages\/1067\/revisions\/1078"}],"wp:attachment":[{"href":"https:\/\/ralightsolutions.com\/en\/wp-json\/wp\/v2\/media?parent=1067"}],"curies":[{"name":"wp","href":"https:\/\/api.w.org\/{rel}","templated":true}]}}