{"id":1061,"date":"2025-04-30T09:45:54","date_gmt":"2025-04-30T09:45:54","guid":{"rendered":"https:\/\/ralightsolutions.com\/contact-us\/"},"modified":"2025-05-09T11:36:38","modified_gmt":"2025-05-09T11:36:38","slug":"contact-us","status":"publish","type":"page","link":"https:\/\/ralightsolutions.com\/en\/contact-us\/","title":{"rendered":"Contact us"},"content":{"rendered":"\t\t<div data-elementor-type=\"wp-page\" data-elementor-id=\"1061\" class=\"elementor elementor-1061 elementor-551\">\n\t\t\t\t\t\t<section class=\"elementor-section elementor-top-section elementor-element elementor-element-2ce8e67 elementor-section-full_width elementor-section-height-default elementor-section-height-default parallax_section_no qode_elementor_container_no\" data-id=\"2ce8e67\" data-element_type=\"section\" data-e-type=\"section\">\n\t\t\t\t\t\t<div class=\"elementor-container elementor-column-gap-default\">\n\t\t\t\t\t<div class=\"elementor-column elementor-col-100 elementor-top-column elementor-element elementor-element-db6f835\" data-id=\"db6f835\" data-element_type=\"column\" data-e-type=\"column\">\n\t\t\t<div class=\"elementor-widget-wrap\">\n\t\t\t\t\t\t\t<\/div>\n\t\t<\/div>\n\t\t\t\t\t<\/div>\n\t\t<\/section>\n\t\t\t\t<section class=\"elementor-section elementor-top-section elementor-element elementor-element-224ebef elementor-section-full_width qode_elementor_container_inner elementor-section-height-default elementor-section-height-default parallax_section_no\" data-id=\"224ebef\" data-element_type=\"section\" data-e-type=\"section\">\n\t\t\t\t\t\t<div class=\"elementor-container elementor-column-gap-default\">\n\t\t\t\t\t<div class=\"elementor-column elementor-col-50 elementor-top-column elementor-element elementor-element-d7a51e5\" data-id=\"d7a51e5\" data-element_type=\"column\" data-e-type=\"column\">\n\t\t\t<div class=\"elementor-widget-wrap elementor-element-populated\">\n\t\t\t\t\t\t<div class=\"elementor-element elementor-element-5204d08 elementor-widget__width-initial elementor-widget-tablet__width-inherit elementor-widget elementor-widget-bridge_cf_7\" data-id=\"5204d08\" data-element_type=\"widget\" data-e-type=\"widget\" data-widget_type=\"bridge_cf_7.default\">\n\t\t\t\t<div class=\"elementor-widget-container\">\n\t\t\t\t\t    <div class=\"qode-contact-form-7 qode-contact-form-7-0\">\n    \n<div class=\"wpcf7 no-js\" id=\"wpcf7-f1083-o1\" lang=\"en-US\" dir=\"ltr\" data-wpcf7-id=\"1083\">\n<div class=\"screen-reader-response\"><p role=\"status\" aria-live=\"polite\" aria-atomic=\"true\"><\/p> <ul><\/ul><\/div>\n<form action=\"\/en\/wp-json\/wp\/v2\/pages\/1061#wpcf7-f1083-o1\" method=\"post\" class=\"wpcf7-form init cf7_custom_style_1\" aria-label=\"Contact form\" novalidate=\"novalidate\" data-status=\"init\">\n<fieldset class=\"hidden-fields-container\"><input type=\"hidden\" name=\"_wpcf7\" value=\"1083\" \/><input type=\"hidden\" name=\"_wpcf7_version\" value=\"6.1.5\" \/><input type=\"hidden\" name=\"_wpcf7_locale\" value=\"en_US\" \/><input type=\"hidden\" name=\"_wpcf7_unit_tag\" value=\"wpcf7-f1083-o1\" \/><input type=\"hidden\" name=\"_wpcf7_container_post\" value=\"0\" \/><input type=\"hidden\" name=\"_wpcf7_posted_data_hash\" value=\"\" \/><input type=\"hidden\" name=\"_wpcf7_recaptcha_response\" value=\"\" \/>\n<\/fieldset>\n<label> <span class=\"wpcf7-form-control-wrap\" data-name=\"your-name\"><input size=\"40\" maxlength=\"400\" class=\"wpcf7-form-control wpcf7-text wpcf7-validates-as-required\" aria-required=\"true\" aria-invalid=\"false\" placeholder=\"Nombre y apellidos\" value=\"\" type=\"text\" name=\"your-name\" \/><\/span> <\/label>\n\n<label><span class=\"wpcf7-form-control-wrap\" data-name=\"your-email\"><input size=\"40\" maxlength=\"400\" class=\"wpcf7-form-control wpcf7-email wpcf7-validates-as-required wpcf7-text wpcf7-validates-as-email\" aria-required=\"true\" aria-invalid=\"false\" placeholder=\"Correo electr\u00f3nico\" value=\"\" type=\"email\" name=\"your-email\" \/><\/span> <\/label>\n\n<label><span class=\"wpcf7-form-control-wrap\" data-name=\"your-message\"><textarea cols=\"40\" rows=\"10\" maxlength=\"2000\" class=\"wpcf7-form-control wpcf7-textarea\" aria-invalid=\"false\" placeholder=\"En que podemos ayudarte?\" name=\"your-message\"><\/textarea><\/span> <\/label>\n\n<input class=\"wpcf7-form-control wpcf7-submit has-spinner\" type=\"submit\" value=\"Enviar\" \/><div class=\"wpcf7-response-output\" aria-hidden=\"true\"><\/div>\n<\/form>\n<\/div>\n    <\/div>\n\t\t\t\t<\/div>\n\t\t\t\t<\/div>\n\t\t\t\t\t<\/div>\n\t\t<\/div>\n\t\t\t\t<div class=\"elementor-column elementor-col-50 elementor-top-column elementor-element elementor-element-c09e306\" data-id=\"c09e306\" data-element_type=\"column\" data-e-type=\"column\">\n\t\t\t<div class=\"elementor-widget-wrap elementor-element-populated\">\n\t\t\t\t\t\t<div class=\"elementor-element elementor-element-1080bfb elementor-widget elementor-widget-qi_addons_for_elementor_section_title\" data-id=\"1080bfb\" data-element_type=\"widget\" data-e-type=\"widget\" data-widget_type=\"qi_addons_for_elementor_section_title.default\">\n\t\t\t\t<div class=\"elementor-widget-container\">\n\t\t\t\t\t<div class=\"qodef-shortcode qodef-m qodef-qi-section-title qodef-decoration--italic qodef-link--underline-draw qodef-subtitle-icon--left\">\n\t\t\t\t\t\t<h1 class=\"qodef-m-title\">\n\t\tContact us\t<\/h1>\n\t\t\t<div class=\"qodef-m-text\"><h3>Get in touch with us if you want to learn more about our lines of business or if you want to sell OTL Technologies' products.<\/h3><\/div>\n\t<\/div>\n\t\t\t\t<\/div>\n\t\t\t\t<\/div>\n\t\t\t\t<section class=\"elementor-section elementor-inner-section elementor-element elementor-element-f025550 elementor-section-full_width qode-custom-icon-with-title elementor-section-height-default elementor-section-height-default parallax_section_no qode_elementor_container_no\" data-id=\"f025550\" data-element_type=\"section\" data-e-type=\"section\">\n\t\t\t\t\t\t<div class=\"elementor-container elementor-column-gap-default\">\n\t\t\t\t\t<div class=\"elementor-column elementor-col-50 elementor-inner-column elementor-element elementor-element-fa92859\" data-id=\"fa92859\" data-element_type=\"column\" data-e-type=\"column\">\n\t\t\t<div class=\"elementor-widget-wrap elementor-element-populated\">\n\t\t\t\t\t\t<div class=\"elementor-element elementor-element-e2d6dc1 elementor-widget elementor-widget-bridge_icon_text\" data-id=\"e2d6dc1\" data-element_type=\"widget\" data-e-type=\"widget\" data-widget_type=\"bridge_icon_text.default\">\n\t\t\t\t<div class=\"elementor-widget-container\">\n\t\t\t\t\t<div class='q_icon_with_title tiny normal_icon '><div class=\"icon_holder \" style=\" \"><span data-icon-type=\"normal\"   style=\"\" class=\"qode_iwt_icon_holder q_font_awsome_icon fa-lg  \"><i class=\"qodef-icon-dripicons dripicon dripicons-message qode_iwt_icon_element\" style=\"color: #000000;\" ><\/i><\/span><\/div><div class=\"icon_text_holder\" style=\"\"><div class=\"icon_text_inner\" style=\"\"><h5 class=\"icon_title\" style=\"\"><\/h5><p style=''><\/p><a itemprop='url' class='icon_with_title_link' href='mailto:rls@ralightsolutions.com' target='_self' style='color: #595959;'>rls@ralightsolutions.com<\/a><\/div><\/div><\/div>\t\t\t\t<\/div>\n\t\t\t\t<\/div>\n\t\t\t\t<div class=\"elementor-element elementor-element-2cd6374 elementor-widget elementor-widget-bridge_icon_text\" data-id=\"2cd6374\" data-element_type=\"widget\" data-e-type=\"widget\" data-widget_type=\"bridge_icon_text.default\">\n\t\t\t\t<div class=\"elementor-widget-container\">\n\t\t\t\t\t<div class='q_icon_with_title tiny normal_icon '><div class=\"icon_holder \" style=\" \"><span data-icon-type=\"normal\"   style=\"\" class=\"qode_iwt_icon_holder q_font_awsome_icon fa-lg  \"><i class=\"qodef-icon-dripicons dripicon dripicons-device-tablet qode_iwt_icon_element\" style=\"color: #000000;\" ><\/i><\/span><\/div><div class=\"icon_text_holder\" style=\"\"><div class=\"icon_text_inner\" style=\"\"><h5 class=\"icon_title\" style=\"\"><\/h5><p style=''><\/p><a itemprop='url' class='icon_with_title_link' href='tel:+1234567890' target='_self' style='color: #595959;'>+(34) 91 828 83 26<\/a><\/div><\/div><\/div>\t\t\t\t<\/div>\n\t\t\t\t<\/div>\n\t\t\t\t\t<\/div>\n\t\t<\/div>\n\t\t\t\t<div class=\"elementor-column elementor-col-50 elementor-inner-column elementor-element elementor-element-abf7e76\" data-id=\"abf7e76\" data-element_type=\"column\" data-e-type=\"column\">\n\t\t\t<div class=\"elementor-widget-wrap\">\n\t\t\t\t\t\t\t<\/div>\n\t\t<\/div>\n\t\t\t\t\t<\/div>\n\t\t<\/section>\n\t\t\t\t\t<\/div>\n\t\t<\/div>\n\t\t\t\t\t<\/div>\n\t\t<\/section>\n\t\t\t\t<section class=\"elementor-section elementor-top-section elementor-element elementor-element-3b88f48 elementor-section-full_width elementor-section-height-default elementor-section-height-default parallax_section_no qode_elementor_container_no\" data-id=\"3b88f48\" data-element_type=\"section\" data-e-type=\"section\">\n\t\t\t\t\t\t<div class=\"elementor-container elementor-column-gap-default\">\n\t\t\t\t\t<div class=\"elementor-column elementor-col-100 elementor-top-column elementor-element elementor-element-95a19bc\" data-id=\"95a19bc\" data-element_type=\"column\" data-e-type=\"column\">\n\t\t\t<div class=\"elementor-widget-wrap elementor-element-populated\">\n\t\t\t\t\t\t<div class=\"elementor-element elementor-element-67b6c19 elementor-widget elementor-widget-bridge_button\" data-id=\"67b6c19\" data-element_type=\"widget\" data-e-type=\"widget\" data-widget_type=\"bridge_button.default\">\n\t\t\t\t<div class=\"elementor-widget-container\">\n\t\t\t\t\t<a  itemprop=\"url\" href=\"https:\/\/ralightsolutions.com\/sobre-nosotros\/\" target=\"_self\" data-hover-background-color='#1C1C1C' data-hover-border-color='#1C1C1C' data-hover-color='#FFFFFF' class=\"qbutton  big_large_full_width center default\" style=\"color: #FFFFFF; border-color: #000000; background-color: #050AC8;\">ABOUT US<\/a>\t\t\t\t<\/div>\n\t\t\t\t<\/div>\n\t\t\t\t\t<\/div>\n\t\t<\/div>\n\t\t\t\t\t<\/div>\n\t\t<\/section>\n\t\t\t\t<section class=\"elementor-section elementor-top-section elementor-element elementor-element-cd01a12 elementor-section-full_width elementor-section-height-default elementor-section-height-default parallax_section_no qode_elementor_container_no\" data-id=\"cd01a12\" data-element_type=\"section\" data-e-type=\"section\">\n\t\t\t\t\t\t<div class=\"elementor-container elementor-column-gap-default\">\n\t\t\t\t\t<div class=\"elementor-column elementor-col-100 elementor-top-column elementor-element elementor-element-fb9f781\" data-id=\"fb9f781\" data-element_type=\"column\" data-e-type=\"column\">\n\t\t\t<div class=\"elementor-widget-wrap elementor-element-populated\">\n\t\t\t\t\t\t<div class=\"elementor-element elementor-element-d95ad3d elementor-widget elementor-widget-bridge_image_slider_no_space\" data-id=\"d95ad3d\" data-element_type=\"widget\" data-e-type=\"widget\" data-widget_type=\"bridge_image_slider_no_space.default\">\n\t\t\t\t<div class=\"elementor-widget-container\">\n\t\t\t\t\t<div class='qode_image_gallery_no_space '><div class='qode_image_gallery_holder' style='height: 300px;'><ul  ><li  ><div style=\"height: 300px; width:228px;\"><img decoding=\"async\" itemprop=\"image\" src=\"https:\/\/ralightsolutions.com\/wp-content\/uploads\/2021\/10\/5030945123774.jpg\" alt=\"\" \/><\/div><\/li><li  ><div style=\"height: 300px; width:246px;\"><img decoding=\"async\" itemprop=\"image\" src=\"https:\/\/ralightsolutions.com\/wp-content\/uploads\/2021\/10\/045496453442-1.jpg\" alt=\"\" \/><\/div><\/li><li  ><div style=\"height: 300px; width:300px;\"><img decoding=\"async\" itemprop=\"image\" src=\"https:\/\/ralightsolutions.com\/wp-content\/uploads\/2021\/10\/5021290091931.jpg\" alt=\"\" \/><\/div><\/li><li  ><div style=\"height: 300px; width:186px;\"><img decoding=\"async\" itemprop=\"image\" src=\"https:\/\/ralightsolutions.com\/wp-content\/uploads\/2021\/10\/045496428693.jpg\" alt=\"\" \/><\/div><\/li><li  ><div style=\"height: 300px; width:411px;\"><img decoding=\"async\" itemprop=\"image\" src=\"https:\/\/ralightsolutions.com\/wp-content\/uploads\/2021\/10\/045496444983.jpg\" alt=\"\" \/><\/div><\/li><li  ><div style=\"height: 300px; width:200px;\"><img decoding=\"async\" itemprop=\"image\" src=\"https:\/\/ralightsolutions.com\/wp-content\/uploads\/2021\/10\/5055371621892_3-scaled.jpg\" alt=\"\" \/><\/div><\/li><li  ><div style=\"height: 300px; width:205px;\"><img decoding=\"async\" itemprop=\"image\" src=\"https:\/\/ralightsolutions.com\/wp-content\/uploads\/2021\/10\/711719722298.jpg\" alt=\"\" \/><\/div><\/li><li  ><div style=\"height: 300px; width:300px;\"><img decoding=\"async\" itemprop=\"image\" src=\"https:\/\/ralightsolutions.com\/wp-content\/uploads\/2021\/10\/244508370_122973586765796_6528180098894841537_n.jpg\" alt=\"\" \/><\/div><\/li><li  ><div style=\"height: 300px; width:450px;\"><img decoding=\"async\" itemprop=\"image\" src=\"https:\/\/ralightsolutions.com\/wp-content\/uploads\/2021\/10\/Consolas-RLS-scaled.jpg\" alt=\"\" \/><\/div><\/li><\/ul><\/div><div class=\"controls\"><a class=\"prev-slide\" href=\"#\"><span><i class=\"fa fa-angle-left\"><\/i><\/span><\/a><a class=\"next-slide\" href=\"#\"><span><i class=\"fa fa-angle-right\"><\/i><\/span><\/a><\/div><\/div>\t\t\t\t<\/div>\n\t\t\t\t<\/div>\n\t\t\t\t\t<\/div>\n\t\t<\/div>\n\t\t\t\t\t<\/div>\n\t\t<\/section>\n\t\t\t\t<\/div>\n\t\t","protected":false},"excerpt":{"rendered":"<p>Contact us Get in touch with us if you want to learn more about our lines of business or if you want to sell OTL Technologies&#8217; products. rls@ralightsolutions.com +(34) 91 828 83 26 ABOUT US<\/p>\n","protected":false},"author":1,"featured_media":0,"parent":0,"menu_order":0,"comment_status":"closed","ping_status":"closed","template":"full_width.php","meta":{"footnotes":""},"class_list":["post-1061","page","type-page","status-publish","hentry"],"yoast_head":"<!-- This site is optimized with the Yoast SEO plugin v27.5 - https:\/\/yoast.com\/product\/yoast-seo-wordpress\/ -->\n<title>Contact Us | Ralight Solutions<\/title>\n<meta name=\"description\" content=\"Ralight Solutions: Your partner in video games and technology. Contact us to explore business opportunities, distribution, or OTL products.\" \/>\n<meta name=\"robots\" content=\"index, follow, max-snippet:-1, max-image-preview:large, max-video-preview:-1\" \/>\n<link rel=\"canonical\" href=\"https:\/\/ralightsolutions.com\/en\/contact-us\/\" \/>\n<meta property=\"og:locale\" content=\"en_US\" \/>\n<meta property=\"og:type\" content=\"article\" \/>\n<meta property=\"og:title\" content=\"Contact Us | Ralight Solutions\" \/>\n<meta property=\"og:description\" content=\"Ralight Solutions: Your partner in video games and technology. Contact us to explore business opportunities, distribution, or OTL products.\" \/>\n<meta property=\"og:url\" content=\"https:\/\/ralightsolutions.com\/en\/contact-us\/\" \/>\n<meta property=\"og:site_name\" content=\"Ralight Solutions\" \/>\n<meta property=\"article:modified_time\" content=\"2025-05-09T11:36:38+00:00\" \/>\n<meta property=\"og:image\" content=\"https:\/\/ralightsolutions.com\/wp-content\/uploads\/2021\/10\/5030945123774.jpg\" \/>\n<meta name=\"twitter:card\" content=\"summary_large_image\" \/>\n<script type=\"application\/ld+json\" class=\"yoast-schema-graph\">{\"@context\":\"https:\\\/\\\/schema.org\",\"@graph\":[{\"@type\":\"WebPage\",\"@id\":\"https:\\\/\\\/ralightsolutions.com\\\/en\\\/contact-us\\\/\",\"url\":\"https:\\\/\\\/ralightsolutions.com\\\/en\\\/contact-us\\\/\",\"name\":\"Contact Us | Ralight Solutions\",\"isPartOf\":{\"@id\":\"https:\\\/\\\/ralightsolutions.com\\\/#website\"},\"primaryImageOfPage\":{\"@id\":\"https:\\\/\\\/ralightsolutions.com\\\/en\\\/contact-us\\\/#primaryimage\"},\"image\":{\"@id\":\"https:\\\/\\\/ralightsolutions.com\\\/en\\\/contact-us\\\/#primaryimage\"},\"thumbnailUrl\":\"https:\\\/\\\/ralightsolutions.com\\\/wp-content\\\/uploads\\\/2021\\\/10\\\/5030945123774.jpg\",\"datePublished\":\"2025-04-30T09:45:54+00:00\",\"dateModified\":\"2025-05-09T11:36:38+00:00\",\"description\":\"Ralight Solutions: Your partner in video games and technology. Contact us to explore business opportunities, distribution, or OTL products.\",\"breadcrumb\":{\"@id\":\"https:\\\/\\\/ralightsolutions.com\\\/en\\\/contact-us\\\/#breadcrumb\"},\"inLanguage\":\"en-US\",\"potentialAction\":[{\"@type\":\"ReadAction\",\"target\":[\"https:\\\/\\\/ralightsolutions.com\\\/en\\\/contact-us\\\/\"]}]},{\"@type\":\"ImageObject\",\"inLanguage\":\"en-US\",\"@id\":\"https:\\\/\\\/ralightsolutions.com\\\/en\\\/contact-us\\\/#primaryimage\",\"url\":\"https:\\\/\\\/ralightsolutions.com\\\/wp-content\\\/uploads\\\/2021\\\/10\\\/5030945123774.jpg\",\"contentUrl\":\"https:\\\/\\\/ralightsolutions.com\\\/wp-content\\\/uploads\\\/2021\\\/10\\\/5030945123774.jpg\"},{\"@type\":\"BreadcrumbList\",\"@id\":\"https:\\\/\\\/ralightsolutions.com\\\/en\\\/contact-us\\\/#breadcrumb\",\"itemListElement\":[{\"@type\":\"ListItem\",\"position\":1,\"name\":\"Portada\",\"item\":\"https:\\\/\\\/ralightsolutions.com\\\/en\\\/home\\\/\"},{\"@type\":\"ListItem\",\"position\":2,\"name\":\"Contact us\"}]},{\"@type\":\"WebSite\",\"@id\":\"https:\\\/\\\/ralightsolutions.com\\\/#website\",\"url\":\"https:\\\/\\\/ralightsolutions.com\\\/\",\"name\":\"Ralight Solutions\",\"description\":\"RaLight Solutions es una compa\u00f1\u00eda de trading y distribuci\u00f3n fundada en 2010 que lleva consolas, videojuegos y accesorios a cualquier parte del mundo bajo el modelo de B2B.\",\"publisher\":{\"@id\":\"https:\\\/\\\/ralightsolutions.com\\\/#organization\"},\"potentialAction\":[{\"@type\":\"SearchAction\",\"target\":{\"@type\":\"EntryPoint\",\"urlTemplate\":\"https:\\\/\\\/ralightsolutions.com\\\/?s={search_term_string}\"},\"query-input\":{\"@type\":\"PropertyValueSpecification\",\"valueRequired\":true,\"valueName\":\"search_term_string\"}}],\"inLanguage\":\"en-US\"},{\"@type\":\"Organization\",\"@id\":\"https:\\\/\\\/ralightsolutions.com\\\/#organization\",\"name\":\"Ralight Solutions\",\"url\":\"https:\\\/\\\/ralightsolutions.com\\\/\",\"logo\":{\"@type\":\"ImageObject\",\"inLanguage\":\"en-US\",\"@id\":\"https:\\\/\\\/ralightsolutions.com\\\/#\\\/schema\\\/logo\\\/image\\\/\",\"url\":\"https:\\\/\\\/ralightsolutions.com\\\/wp-content\\\/uploads\\\/2023\\\/09\\\/WhatsApp-Image-2023-09-27-at-16.06.04.jpeg\",\"contentUrl\":\"https:\\\/\\\/ralightsolutions.com\\\/wp-content\\\/uploads\\\/2023\\\/09\\\/WhatsApp-Image-2023-09-27-at-16.06.04.jpeg\",\"width\":540,\"height\":300,\"caption\":\"Ralight Solutions\"},\"image\":{\"@id\":\"https:\\\/\\\/ralightsolutions.com\\\/#\\\/schema\\\/logo\\\/image\\\/\"}}]}<\/script>\n<!-- \/ Yoast SEO plugin. -->","yoast_head_json":{"title":"Contact Us | Ralight Solutions","description":"Ralight Solutions: Your partner in video games and technology. Contact us to explore business opportunities, distribution, or OTL products.","robots":{"index":"index","follow":"follow","max-snippet":"max-snippet:-1","max-image-preview":"max-image-preview:large","max-video-preview":"max-video-preview:-1"},"canonical":"https:\/\/ralightsolutions.com\/en\/contact-us\/","og_locale":"en_US","og_type":"article","og_title":"Contact Us | Ralight Solutions","og_description":"Ralight Solutions: Your partner in video games and technology. Contact us to explore business opportunities, distribution, or OTL products.","og_url":"https:\/\/ralightsolutions.com\/en\/contact-us\/","og_site_name":"Ralight Solutions","article_modified_time":"2025-05-09T11:36:38+00:00","og_image":[{"url":"https:\/\/ralightsolutions.com\/wp-content\/uploads\/2021\/10\/5030945123774.jpg","type":"","width":"","height":""}],"twitter_card":"summary_large_image","schema":{"@context":"https:\/\/schema.org","@graph":[{"@type":"WebPage","@id":"https:\/\/ralightsolutions.com\/en\/contact-us\/","url":"https:\/\/ralightsolutions.com\/en\/contact-us\/","name":"Contact Us | Ralight Solutions","isPartOf":{"@id":"https:\/\/ralightsolutions.com\/#website"},"primaryImageOfPage":{"@id":"https:\/\/ralightsolutions.com\/en\/contact-us\/#primaryimage"},"image":{"@id":"https:\/\/ralightsolutions.com\/en\/contact-us\/#primaryimage"},"thumbnailUrl":"https:\/\/ralightsolutions.com\/wp-content\/uploads\/2021\/10\/5030945123774.jpg","datePublished":"2025-04-30T09:45:54+00:00","dateModified":"2025-05-09T11:36:38+00:00","description":"Ralight Solutions: Your partner in video games and technology. Contact us to explore business opportunities, distribution, or OTL products.","breadcrumb":{"@id":"https:\/\/ralightsolutions.com\/en\/contact-us\/#breadcrumb"},"inLanguage":"en-US","potentialAction":[{"@type":"ReadAction","target":["https:\/\/ralightsolutions.com\/en\/contact-us\/"]}]},{"@type":"ImageObject","inLanguage":"en-US","@id":"https:\/\/ralightsolutions.com\/en\/contact-us\/#primaryimage","url":"https:\/\/ralightsolutions.com\/wp-content\/uploads\/2021\/10\/5030945123774.jpg","contentUrl":"https:\/\/ralightsolutions.com\/wp-content\/uploads\/2021\/10\/5030945123774.jpg"},{"@type":"BreadcrumbList","@id":"https:\/\/ralightsolutions.com\/en\/contact-us\/#breadcrumb","itemListElement":[{"@type":"ListItem","position":1,"name":"Portada","item":"https:\/\/ralightsolutions.com\/en\/home\/"},{"@type":"ListItem","position":2,"name":"Contact us"}]},{"@type":"WebSite","@id":"https:\/\/ralightsolutions.com\/#website","url":"https:\/\/ralightsolutions.com\/","name":"Ralight Solutions","description":"RaLight Solutions es una compa\u00f1\u00eda de trading y distribuci\u00f3n fundada en 2010 que lleva consolas, videojuegos y accesorios a cualquier parte del mundo bajo el modelo de B2B.","publisher":{"@id":"https:\/\/ralightsolutions.com\/#organization"},"potentialAction":[{"@type":"SearchAction","target":{"@type":"EntryPoint","urlTemplate":"https:\/\/ralightsolutions.com\/?s={search_term_string}"},"query-input":{"@type":"PropertyValueSpecification","valueRequired":true,"valueName":"search_term_string"}}],"inLanguage":"en-US"},{"@type":"Organization","@id":"https:\/\/ralightsolutions.com\/#organization","name":"Ralight Solutions","url":"https:\/\/ralightsolutions.com\/","logo":{"@type":"ImageObject","inLanguage":"en-US","@id":"https:\/\/ralightsolutions.com\/#\/schema\/logo\/image\/","url":"https:\/\/ralightsolutions.com\/wp-content\/uploads\/2023\/09\/WhatsApp-Image-2023-09-27-at-16.06.04.jpeg","contentUrl":"https:\/\/ralightsolutions.com\/wp-content\/uploads\/2023\/09\/WhatsApp-Image-2023-09-27-at-16.06.04.jpeg","width":540,"height":300,"caption":"Ralight Solutions"},"image":{"@id":"https:\/\/ralightsolutions.com\/#\/schema\/logo\/image\/"}}]}},"_links":{"self":[{"href":"https:\/\/ralightsolutions.com\/en\/wp-json\/wp\/v2\/pages\/1061","targetHints":{"allow":["GET"]}}],"collection":[{"href":"https:\/\/ralightsolutions.com\/en\/wp-json\/wp\/v2\/pages"}],"about":[{"href":"https:\/\/ralightsolutions.com\/en\/wp-json\/wp\/v2\/types\/page"}],"author":[{"embeddable":true,"href":"https:\/\/ralightsolutions.com\/en\/wp-json\/wp\/v2\/users\/1"}],"replies":[{"embeddable":true,"href":"https:\/\/ralightsolutions.com\/en\/wp-json\/wp\/v2\/comments?post=1061"}],"version-history":[{"count":2,"href":"https:\/\/ralightsolutions.com\/en\/wp-json\/wp\/v2\/pages\/1061\/revisions"}],"predecessor-version":[{"id":1085,"href":"https:\/\/ralightsolutions.com\/en\/wp-json\/wp\/v2\/pages\/1061\/revisions\/1085"}],"wp:attachment":[{"href":"https:\/\/ralightsolutions.com\/en\/wp-json\/wp\/v2\/media?parent=1061"}],"curies":[{"name":"wp","href":"https:\/\/api.w.org\/{rel}","templated":true}]}}